{"id":68,"date":"2022-09-22T07:46:43","date_gmt":"2022-09-22T07:46:43","guid":{"rendered":"https:\/\/catherine-magnetiseuse.fr\/?page_id=68"},"modified":"2025-11-02T16:52:28","modified_gmt":"2025-11-02T16:52:28","slug":"contact","status":"publish","type":"page","link":"https:\/\/catherine-magnetiseuse.fr\/index.php\/contact\/","title":{"rendered":"Contact"},"content":{"rendered":"\t\t<div data-elementor-type=\"wp-page\" data-elementor-id=\"68\" class=\"elementor elementor-68\">\n\t\t\t\t\t\t<section class=\"elementor-section elementor-top-section elementor-element elementor-element-2748d6c elementor-section-full_width elementor-section-height-default elementor-section-height-default\" data-id=\"2748d6c\" data-element_type=\"section\" data-settings=\"{&quot;background_background&quot;:&quot;classic&quot;}\">\n\t\t\t\t\t\t<div class=\"elementor-container elementor-column-gap-default\">\n\t\t\t\t\t<div class=\"elementor-column elementor-col-100 elementor-top-column elementor-element elementor-element-2ebea9b\" data-id=\"2ebea9b\" data-element_type=\"column\">\n\t\t\t<div class=\"elementor-widget-wrap elementor-element-populated\">\n\t\t\t\t\t\t<div class=\"elementor-element elementor-element-cb05b92 elementor-widget elementor-widget-heading\" data-id=\"cb05b92\" data-element_type=\"widget\" data-widget_type=\"heading.default\">\n\t\t\t\t<div class=\"elementor-widget-container\">\n\t\t\t\t\t<h2 class=\"elementor-heading-title elementor-size-default\">Contactez Catherine Magn\u00e9tiseuse   \u00e0 Vitr\u00e9<\/h2>\t\t\t\t<\/div>\n\t\t\t\t<\/div>\n\t\t\t\t<div class=\"elementor-element elementor-element-5a31838 elementor-widget elementor-widget-text-editor\" data-id=\"5a31838\" data-element_type=\"widget\" data-widget_type=\"text-editor.default\">\n\t\t\t\t<div class=\"elementor-widget-container\">\n\t\t\t\t\t\t\t\t\t<h1><strong>Pour information merci de me contacter par TELEPHONE UNIQUEMENT , car ayant un surcroit de travail je ne peux r\u00e9pondre par Mail merci beaucoup\u00a0 de votre toute attention: <\/strong><span style=\"text-decoration: underline;\"><em>06.75.64.98.38<\/em><\/span><\/h1><p><strong>44 \u20ac TVA non Applicable &#8211;<\/strong>\u00a0<\/p><p>le Week-end et les jours f\u00e9ri\u00e9s sur RDV (50\u20ac)<\/p><p>Passeur d&rsquo;\u00c2mes (30 \u20ac) &#8211;\u00a0 Appareil Iteracare. (55 \u20ac)<\/p>\t\t\t\t\t\t\t\t<\/div>\n\t\t\t\t<\/div>\n\t\t\t\t\t<\/div>\n\t\t<\/div>\n\t\t\t\t\t<\/div>\n\t\t<\/section>\n\t\t\t\t<section class=\"elementor-section elementor-top-section elementor-element elementor-element-0d2f184 elementor-section-boxed elementor-section-height-default elementor-section-height-default\" data-id=\"0d2f184\" data-element_type=\"section\">\n\t\t\t\t\t\t<div class=\"elementor-container elementor-column-gap-default\">\n\t\t\t\t\t<div class=\"elementor-column elementor-col-100 elementor-top-column elementor-element elementor-element-07f6c38\" data-id=\"07f6c38\" data-element_type=\"column\">\n\t\t\t<div class=\"elementor-widget-wrap elementor-element-populated\">\n\t\t\t\t\t\t<div class=\"elementor-element elementor-element-a287966 elementor-widget elementor-widget-wpforms\" data-id=\"a287966\" data-element_type=\"widget\" data-widget_type=\"wpforms.default\">\n\t\t\t\t<div class=\"elementor-widget-container\">\n\t\t\t\t\t<div class=\"wpforms-container wpforms-container-full\" id=\"wpforms-186\"><form id=\"wpforms-form-186\" class=\"wpforms-validate wpforms-form wpforms-ajax-form\" data-formid=\"186\" method=\"post\" enctype=\"multipart\/form-data\" action=\"\/index.php\/wp-json\/wp\/v2\/pages\/68\" data-token=\"80c2f9037e79920f1834409b9c68c8b2\" data-token-time=\"1775657291\"><noscript class=\"wpforms-error-noscript\">Veuillez activer JavaScript dans votre navigateur pour remplir ce formulaire.<\/noscript><div class=\"wpforms-field-container\"><div id=\"wpforms-186-field_0-container\" class=\"wpforms-field wpforms-field-name\" data-field-id=\"0\"><label class=\"wpforms-field-label\">Nom <span class=\"wpforms-required-label\">*<\/span><\/label><div class=\"wpforms-field-row wpforms-field-medium\"><div class=\"wpforms-field-row-block wpforms-first wpforms-one-half\"><input type=\"text\" id=\"wpforms-186-field_0\" class=\"wpforms-field-name-first wpforms-field-required\" name=\"wpforms[fields][0][first]\" required><label for=\"wpforms-186-field_0\" class=\"wpforms-field-sublabel after\">Pr\u00e9nom<\/label><\/div><div class=\"wpforms-field-row-block wpforms-one-half\"><input type=\"text\" id=\"wpforms-186-field_0-last\" class=\"wpforms-field-name-last wpforms-field-required\" name=\"wpforms[fields][0][last]\" required><label for=\"wpforms-186-field_0-last\" class=\"wpforms-field-sublabel after\">Nom<\/label><\/div><\/div><\/div><div id=\"wpforms-186-field_1-container\" class=\"wpforms-field wpforms-field-email\" data-field-id=\"1\"><label class=\"wpforms-field-label\" for=\"wpforms-186-field_1\">E-mail <span class=\"wpforms-required-label\">*<\/span><\/label><input type=\"email\" id=\"wpforms-186-field_1\" class=\"wpforms-field-medium wpforms-field-required\" name=\"wpforms[fields][1]\" spellcheck=\"false\" required><\/div><div id=\"wpforms-186-field_2-container\" class=\"wpforms-field wpforms-field-textarea\" data-field-id=\"2\"><label class=\"wpforms-field-label\" for=\"wpforms-186-field_2\">Commentaire ou message<\/label><textarea id=\"wpforms-186-field_2\" class=\"wpforms-field-medium\" name=\"wpforms[fields][2]\" ><\/textarea><\/div><\/div><!-- .wpforms-field-container --><div class=\"wpforms-submit-container\" ><input type=\"hidden\" name=\"wpforms[id]\" value=\"186\"><input type=\"hidden\" name=\"page_title\" value=\"\"><input type=\"hidden\" name=\"page_url\" value=\"https:\/\/catherine-magnetiseuse.fr\/index.php\/wp-json\/wp\/v2\/pages\/68\"><input type=\"hidden\" name=\"url_referer\" value=\"\"><button type=\"submit\" name=\"wpforms[submit]\" id=\"wpforms-submit-186\" class=\"wpforms-submit\" data-alt-text=\"Envoi...\" data-submit-text=\"Envoyer\" aria-live=\"assertive\" value=\"wpforms-submit\">Envoyer<\/button><img decoding=\"async\" src=\"https:\/\/catherine-magnetiseuse.fr\/wp-content\/plugins\/wpforms-lite\/assets\/images\/submit-spin.svg\" class=\"wpforms-submit-spinner\" style=\"display: none;\" width=\"26\" height=\"26\" alt=\"Chargement en cours\"><\/div><\/form><\/div>  <!-- .wpforms-container -->\t\t\t\t<\/div>\n\t\t\t\t<\/div>\n\t\t\t\t\t<\/div>\n\t\t<\/div>\n\t\t\t\t\t<\/div>\n\t\t<\/section>\n\t\t\t\t<\/div>\n\t\t","protected":false},"excerpt":{"rendered":"<p>Contactez Catherine Magn\u00e9tiseuse \u00e0 Vitr\u00e9 Pour information merci de me contacter par TELEPHONE UNIQUEMENT , car ayant un surcroit de travail je ne peux r\u00e9pondre par Mail merci beaucoup\u00a0 de votre toute attention: 06.75.64.98.38 44 \u20ac TVA non Applicable &#8211;\u00a0 le Week-end et les jours f\u00e9ri\u00e9s sur RDV (50\u20ac) Passeur d&rsquo;\u00c2mes (30 \u20ac) &#8211;\u00a0 Appareil [&hellip;]<\/p>\n","protected":false},"author":1,"featured_media":0,"parent":0,"menu_order":0,"comment_status":"closed","ping_status":"closed","template":"","meta":{"om_disable_all_campaigns":false,"_monsterinsights_skip_tracking":false,"_monsterinsights_sitenote_active":false,"_monsterinsights_sitenote_note":"","_monsterinsights_sitenote_category":0,"ocean_post_layout":"full-screen","ocean_both_sidebars_style":"","ocean_both_sidebars_content_width":0,"ocean_both_sidebars_sidebars_width":0,"ocean_sidebar":"0","ocean_second_sidebar":"0","ocean_disable_margins":"enable","ocean_add_body_class":"","ocean_shortcode_before_top_bar":"","ocean_shortcode_after_top_bar":"","ocean_shortcode_before_header":"","ocean_shortcode_after_header":"","ocean_has_shortcode":"","ocean_shortcode_after_title":"","ocean_shortcode_before_footer_widgets":"","ocean_shortcode_after_footer_widgets":"","ocean_shortcode_before_footer_bottom":"","ocean_shortcode_after_footer_bottom":"","ocean_display_top_bar":"off","ocean_display_header":"off","ocean_header_style":"","ocean_center_header_left_menu":"0","ocean_custom_header_template":"0","ocean_custom_logo":0,"ocean_custom_retina_logo":0,"ocean_custom_logo_max_width":0,"ocean_custom_logo_tablet_max_width":0,"ocean_custom_logo_mobile_max_width":0,"ocean_custom_logo_max_height":0,"ocean_custom_logo_tablet_max_height":0,"ocean_custom_logo_mobile_max_height":0,"ocean_header_custom_menu":"0","ocean_menu_typo_font_family":"0","ocean_menu_typo_font_subset":"","ocean_menu_typo_font_size":0,"ocean_menu_typo_font_size_tablet":0,"ocean_menu_typo_font_size_mobile":0,"ocean_menu_typo_font_size_unit":"px","ocean_menu_typo_font_weight":"","ocean_menu_typo_font_weight_tablet":"","ocean_menu_typo_font_weight_mobile":"","ocean_menu_typo_transform":"","ocean_menu_typo_transform_tablet":"","ocean_menu_typo_transform_mobile":"","ocean_menu_typo_line_height":0,"ocean_menu_typo_line_height_tablet":0,"ocean_menu_typo_line_height_mobile":0,"ocean_menu_typo_line_height_unit":"","ocean_menu_typo_spacing":0,"ocean_menu_typo_spacing_tablet":0,"ocean_menu_typo_spacing_mobile":0,"ocean_menu_typo_spacing_unit":"","ocean_menu_link_color":"","ocean_menu_link_color_hover":"","ocean_menu_link_color_active":"","ocean_menu_link_background":"","ocean_menu_link_hover_background":"","ocean_menu_link_active_background":"","ocean_menu_social_links_bg":"","ocean_menu_social_hover_links_bg":"","ocean_menu_social_links_color":"","ocean_menu_social_hover_links_color":"","ocean_disable_title":"on","ocean_disable_heading":"default","ocean_post_title":"","ocean_post_subheading":"","ocean_post_title_style":"","ocean_post_title_background_color":"","ocean_post_title_background":0,"ocean_post_title_bg_image_position":"","ocean_post_title_bg_image_attachment":"","ocean_post_title_bg_image_repeat":"","ocean_post_title_bg_image_size":"","ocean_post_title_height":0,"ocean_post_title_bg_overlay":0.5,"ocean_post_title_bg_overlay_color":"","ocean_disable_breadcrumbs":"off","ocean_breadcrumbs_color":"","ocean_breadcrumbs_separator_color":"","ocean_breadcrumbs_links_color":"","ocean_breadcrumbs_links_hover_color":"","ocean_display_footer_widgets":"off","ocean_display_footer_bottom":"off","ocean_custom_footer_template":"0","footnotes":""},"class_list":["post-68","page","type-page","status-publish","hentry","entry"],"aioseo_notices":[],"yoast_head":"<!-- This site is optimized with the Yoast SEO plugin v26.2 - https:\/\/yoast.com\/wordpress\/plugins\/seo\/ -->\n<title>Contact - catherine magnetiseuse<\/title>\n<meta name=\"robots\" content=\"index, follow, max-snippet:-1, max-image-preview:large, max-video-preview:-1\" \/>\n<link rel=\"canonical\" href=\"https:\/\/catherine-magnetiseuse.fr\/index.php\/contact\/\" \/>\n<meta property=\"og:locale\" content=\"fr_FR\" \/>\n<meta property=\"og:type\" content=\"article\" \/>\n<meta property=\"og:title\" content=\"Contact - catherine magnetiseuse\" \/>\n<meta property=\"og:description\" content=\"Contactez Catherine Magn\u00e9tiseuse \u00e0 Vitr\u00e9 Pour information merci de me contacter par TELEPHONE UNIQUEMENT , car ayant un surcroit de travail je ne peux r\u00e9pondre par Mail merci beaucoup\u00a0 de votre toute attention: 06.75.64.98.38 44 \u20ac TVA non Applicable &#8211;\u00a0 le Week-end et les jours f\u00e9ri\u00e9s sur RDV (50\u20ac) Passeur d&rsquo;\u00c2mes (30 \u20ac) &#8211;\u00a0 Appareil [&hellip;]\" \/>\n<meta property=\"og:url\" content=\"https:\/\/catherine-magnetiseuse.fr\/index.php\/contact\/\" \/>\n<meta property=\"og:site_name\" content=\"catherine magnetiseuse\" \/>\n<meta property=\"article:modified_time\" content=\"2025-11-02T16:52:28+00:00\" \/>\n<meta property=\"og:image\" content=\"https:\/\/catherine-magnetiseuse.fr\/wp-content\/plugins\/wpforms-lite\/assets\/images\/submit-spin.svg\" \/>\n<meta name=\"twitter:card\" content=\"summary_large_image\" \/>\n<meta name=\"twitter:label1\" content=\"Dur\u00e9e de lecture estim\u00e9e\" \/>\n\t<meta name=\"twitter:data1\" content=\"1 minute\" \/>\n<script type=\"application\/ld+json\" class=\"yoast-schema-graph\">{\"@context\":\"https:\/\/schema.org\",\"@graph\":[{\"@type\":\"WebPage\",\"@id\":\"https:\/\/catherine-magnetiseuse.fr\/index.php\/contact\/\",\"url\":\"https:\/\/catherine-magnetiseuse.fr\/index.php\/contact\/\",\"name\":\"Contact - catherine magnetiseuse\",\"isPartOf\":{\"@id\":\"https:\/\/catherine-magnetiseuse.fr\/#website\"},\"primaryImageOfPage\":{\"@id\":\"https:\/\/catherine-magnetiseuse.fr\/index.php\/contact\/#primaryimage\"},\"image\":{\"@id\":\"https:\/\/catherine-magnetiseuse.fr\/index.php\/contact\/#primaryimage\"},\"thumbnailUrl\":\"https:\/\/catherine-magnetiseuse.fr\/wp-content\/plugins\/wpforms-lite\/assets\/images\/submit-spin.svg\",\"datePublished\":\"2022-09-22T07:46:43+00:00\",\"dateModified\":\"2025-11-02T16:52:28+00:00\",\"breadcrumb\":{\"@id\":\"https:\/\/catherine-magnetiseuse.fr\/index.php\/contact\/#breadcrumb\"},\"inLanguage\":\"fr-FR\",\"potentialAction\":[{\"@type\":\"ReadAction\",\"target\":[\"https:\/\/catherine-magnetiseuse.fr\/index.php\/contact\/\"]}]},{\"@type\":\"ImageObject\",\"inLanguage\":\"fr-FR\",\"@id\":\"https:\/\/catherine-magnetiseuse.fr\/index.php\/contact\/#primaryimage\",\"url\":\"https:\/\/catherine-magnetiseuse.fr\/wp-content\/plugins\/wpforms-lite\/assets\/images\/submit-spin.svg\",\"contentUrl\":\"https:\/\/catherine-magnetiseuse.fr\/wp-content\/plugins\/wpforms-lite\/assets\/images\/submit-spin.svg\"},{\"@type\":\"BreadcrumbList\",\"@id\":\"https:\/\/catherine-magnetiseuse.fr\/index.php\/contact\/#breadcrumb\",\"itemListElement\":[{\"@type\":\"ListItem\",\"position\":1,\"name\":\"Accueil\",\"item\":\"https:\/\/catherine-magnetiseuse.fr\/\"},{\"@type\":\"ListItem\",\"position\":2,\"name\":\"Contact\"}]},{\"@type\":\"WebSite\",\"@id\":\"https:\/\/catherine-magnetiseuse.fr\/#website\",\"url\":\"https:\/\/catherine-magnetiseuse.fr\/\",\"name\":\"catherine magnetiseuse\",\"description\":\"Just another WordPress site\",\"potentialAction\":[{\"@type\":\"SearchAction\",\"target\":{\"@type\":\"EntryPoint\",\"urlTemplate\":\"https:\/\/catherine-magnetiseuse.fr\/?s={search_term_string}\"},\"query-input\":{\"@type\":\"PropertyValueSpecification\",\"valueRequired\":true,\"valueName\":\"search_term_string\"}}],\"inLanguage\":\"fr-FR\"}]}<\/script>\n<!-- \/ Yoast SEO plugin. -->","yoast_head_json":{"title":"Contact - catherine magnetiseuse","robots":{"index":"index","follow":"follow","max-snippet":"max-snippet:-1","max-image-preview":"max-image-preview:large","max-video-preview":"max-video-preview:-1"},"canonical":"https:\/\/catherine-magnetiseuse.fr\/index.php\/contact\/","og_locale":"fr_FR","og_type":"article","og_title":"Contact - catherine magnetiseuse","og_description":"Contactez Catherine Magn\u00e9tiseuse \u00e0 Vitr\u00e9 Pour information merci de me contacter par TELEPHONE UNIQUEMENT , car ayant un surcroit de travail je ne peux r\u00e9pondre par Mail merci beaucoup\u00a0 de votre toute attention: 06.75.64.98.38 44 \u20ac TVA non Applicable &#8211;\u00a0 le Week-end et les jours f\u00e9ri\u00e9s sur RDV (50\u20ac) Passeur d&rsquo;\u00c2mes (30 \u20ac) &#8211;\u00a0 Appareil [&hellip;]","og_url":"https:\/\/catherine-magnetiseuse.fr\/index.php\/contact\/","og_site_name":"catherine magnetiseuse","article_modified_time":"2025-11-02T16:52:28+00:00","og_image":[{"url":"https:\/\/catherine-magnetiseuse.fr\/wp-content\/plugins\/wpforms-lite\/assets\/images\/submit-spin.svg","type":"","width":"","height":""}],"twitter_card":"summary_large_image","twitter_misc":{"Dur\u00e9e de lecture estim\u00e9e":"1 minute"},"schema":{"@context":"https:\/\/schema.org","@graph":[{"@type":"WebPage","@id":"https:\/\/catherine-magnetiseuse.fr\/index.php\/contact\/","url":"https:\/\/catherine-magnetiseuse.fr\/index.php\/contact\/","name":"Contact - catherine magnetiseuse","isPartOf":{"@id":"https:\/\/catherine-magnetiseuse.fr\/#website"},"primaryImageOfPage":{"@id":"https:\/\/catherine-magnetiseuse.fr\/index.php\/contact\/#primaryimage"},"image":{"@id":"https:\/\/catherine-magnetiseuse.fr\/index.php\/contact\/#primaryimage"},"thumbnailUrl":"https:\/\/catherine-magnetiseuse.fr\/wp-content\/plugins\/wpforms-lite\/assets\/images\/submit-spin.svg","datePublished":"2022-09-22T07:46:43+00:00","dateModified":"2025-11-02T16:52:28+00:00","breadcrumb":{"@id":"https:\/\/catherine-magnetiseuse.fr\/index.php\/contact\/#breadcrumb"},"inLanguage":"fr-FR","potentialAction":[{"@type":"ReadAction","target":["https:\/\/catherine-magnetiseuse.fr\/index.php\/contact\/"]}]},{"@type":"ImageObject","inLanguage":"fr-FR","@id":"https:\/\/catherine-magnetiseuse.fr\/index.php\/contact\/#primaryimage","url":"https:\/\/catherine-magnetiseuse.fr\/wp-content\/plugins\/wpforms-lite\/assets\/images\/submit-spin.svg","contentUrl":"https:\/\/catherine-magnetiseuse.fr\/wp-content\/plugins\/wpforms-lite\/assets\/images\/submit-spin.svg"},{"@type":"BreadcrumbList","@id":"https:\/\/catherine-magnetiseuse.fr\/index.php\/contact\/#breadcrumb","itemListElement":[{"@type":"ListItem","position":1,"name":"Accueil","item":"https:\/\/catherine-magnetiseuse.fr\/"},{"@type":"ListItem","position":2,"name":"Contact"}]},{"@type":"WebSite","@id":"https:\/\/catherine-magnetiseuse.fr\/#website","url":"https:\/\/catherine-magnetiseuse.fr\/","name":"catherine magnetiseuse","description":"Just another WordPress site","potentialAction":[{"@type":"SearchAction","target":{"@type":"EntryPoint","urlTemplate":"https:\/\/catherine-magnetiseuse.fr\/?s={search_term_string}"},"query-input":{"@type":"PropertyValueSpecification","valueRequired":true,"valueName":"search_term_string"}}],"inLanguage":"fr-FR"}]}},"_links":{"self":[{"href":"https:\/\/catherine-magnetiseuse.fr\/index.php\/wp-json\/wp\/v2\/pages\/68","targetHints":{"allow":["GET"]}}],"collection":[{"href":"https:\/\/catherine-magnetiseuse.fr\/index.php\/wp-json\/wp\/v2\/pages"}],"about":[{"href":"https:\/\/catherine-magnetiseuse.fr\/index.php\/wp-json\/wp\/v2\/types\/page"}],"author":[{"embeddable":true,"href":"https:\/\/catherine-magnetiseuse.fr\/index.php\/wp-json\/wp\/v2\/users\/1"}],"replies":[{"embeddable":true,"href":"https:\/\/catherine-magnetiseuse.fr\/index.php\/wp-json\/wp\/v2\/comments?post=68"}],"version-history":[{"count":58,"href":"https:\/\/catherine-magnetiseuse.fr\/index.php\/wp-json\/wp\/v2\/pages\/68\/revisions"}],"predecessor-version":[{"id":827,"href":"https:\/\/catherine-magnetiseuse.fr\/index.php\/wp-json\/wp\/v2\/pages\/68\/revisions\/827"}],"wp:attachment":[{"href":"https:\/\/catherine-magnetiseuse.fr\/index.php\/wp-json\/wp\/v2\/media?parent=68"}],"curies":[{"name":"wp","href":"https:\/\/api.w.org\/{rel}","templated":true}]}}